{"id":596,"date":"2014-12-25T04:18:14","date_gmt":"2014-12-25T02:18:14","guid":{"rendered":"http:\/\/imreethus.de\/?page_id=596"},"modified":"2018-11-17T16:57:47","modified_gmt":"2018-11-17T14:57:47","slug":"corn-labyrinth-grethof","status":"publish","type":"page","link":"https:\/\/imreethus.de\/en\/daytrips\/corn-labyrinth-grethof\/","title":{"rendered":"Corn Labyrinth Grethof"},"content":{"rendered":"<h1>Corn Labyrinth Grethof<\/h1>\n<p>The corn labyrinth in B\u00fcsum is 31 km away from the holiday apartment. It can be reached in ca. 30 minutes.<\/p>\n<h2><strong>The Corn Labyrinth:<\/strong><\/h2>\n<p>Grethof Farm open their corn labyrinth in 2009. It can be visited from July through to October, some times even earlier if the corn has been growing early.<\/p>\n<p>Visitors to the 1.6 hectar large corn field have to solve clues. At six stations, a variety of questions must be answered and recorded. If you find the right answers, you can spot the solution on your quiz sheet.<\/p>\n<p>Gerne kann dieses bei Kaffee und Kuchen gemacht werden und danach k\u00f6nnen Sie sich noch auf der Trampolinanlage vergn\u00fcgen. Als Hauptpreis wird am Ende des Jahres der Gewinner gezogen und gewinnt eine Woche Urlaub auf dem Hof.<\/p>\n<p>The farms offers coffee and cakes and the children can play on the large trampolins. The main quiz prize is a week\u2019s holiday on the farm and winner is determined by the end of 2014.<\/p>\n<h2><strong>The Ponies: <\/strong><\/h2>\n<p>From Monday to Friday at 5:00 pm, children can enjoy supervised pony rides. The ponies Jule, Jette, Funny, Sunny, Moritz, Lucky, Winni, Jim, Knopf and P\u00fcppi are used to children and have delighted many children.<\/p>\n<p>Auch die Kleinsten von den Kleinen k\u00f6nnen sich somit auf dem Pferder\u00fccken f\u00fchren lassen und den Kontakt zu den Tieren finden. Auch f\u00fcr Helme haben wir selbstverst\u00e4ndlich gesorgt und sind f\u00fcr die Kinder vorr\u00e4tig. Die Unterst\u00fctzung der Eltern beim F\u00fchren der Ponys wird gerne gesehen<\/p>\n<p>Even the very littles ones can find contact to the animals during led pony rides. Helmets are of course available for all children. Parents are supported should the wish to lead the ponies themselves.<\/p>\n<p><strong>Address:<br \/>\nCorn labyrinth at Grethof Farm<\/strong><br \/>\nFamilie Br\u00fctt<br \/>\nHeider Str. 2<br \/>\n25761 B\u00fcsum<\/p>\n<p>Telefon: 0049 (0)4834 \u2013 2268<\/p>\n","protected":false},"excerpt":{"rendered":"<p>Corn Labyrinth Grethof The corn labyrinth in B\u00fcsum is 31 km away from the holiday apartment. It can be reached in ca. 30 minutes. The Corn Labyrinth: Grethof Farm open their corn labyrinth in 2009. It can be visited from July through to October, some times even earlier if the corn has been growing early.  [&#8230;]<\/p>\n","protected":false},"author":1,"featured_media":0,"parent":563,"menu_order":0,"comment_status":"closed","ping_status":"closed","template":"","meta":{"footnotes":""},"class_list":["post-596","page","type-page","status-publish","hentry"],"_links":{"self":[{"href":"https:\/\/imreethus.de\/en\/wp-json\/wp\/v2\/pages\/596","targetHints":{"allow":["GET"]}}],"collection":[{"href":"https:\/\/imreethus.de\/en\/wp-json\/wp\/v2\/pages"}],"about":[{"href":"https:\/\/imreethus.de\/en\/wp-json\/wp\/v2\/types\/page"}],"author":[{"embeddable":true,"href":"https:\/\/imreethus.de\/en\/wp-json\/wp\/v2\/users\/1"}],"replies":[{"embeddable":true,"href":"https:\/\/imreethus.de\/en\/wp-json\/wp\/v2\/comments?post=596"}],"version-history":[{"count":0,"href":"https:\/\/imreethus.de\/en\/wp-json\/wp\/v2\/pages\/596\/revisions"}],"up":[{"embeddable":true,"href":"https:\/\/imreethus.de\/en\/wp-json\/wp\/v2\/pages\/563"}],"wp:attachment":[{"href":"https:\/\/imreethus.de\/en\/wp-json\/wp\/v2\/media?parent=596"}],"curies":[{"name":"wp","href":"https:\/\/api.w.org\/{rel}","templated":true}]}}